{"id":4269,"date":"2025-11-03T18:01:01","date_gmt":"2025-11-03T18:01:01","guid":{"rendered":"https:\/\/devhook.it\/entdeckungsaufruf\/"},"modified":"2025-11-03T21:42:46","modified_gmt":"2025-11-03T21:42:46","slug":"entdeckungsaufruf","status":"publish","type":"page","link":"https:\/\/devhook.it\/de\/entdeckungsaufruf\/","title":{"rendered":"Entdeckungsaufruf"},"content":{"rendered":"<style>.elementor-4269 .elementor-element.elementor-element-4e7cf68{--display:flex;--flex-direction:row;--container-widget-width:initial;--container-widget-height:100%;--container-widget-flex-grow:1;--container-widget-align-self:stretch;--flex-wrap-mobile:wrap;--flex-wrap:nowrap;--margin-top:80px;--margin-bottom:0px;--margin-left:0px;--margin-right:0px;overflow:visible;}.elementor-4269 .elementor-element.elementor-element-6e46336{--display:flex;--justify-content:flex-start;--gap:25px 25px;--row-gap:25px;--column-gap:25px;overflow:visible;}.elementor-4269 .elementor-element.elementor-element-6e46336.e-con{--flex-grow:0;--flex-shrink:0;}.elementor-4269 .elementor-element.elementor-element-61454da{color:var( --e-global-color-primary );}.elementor-4269 .elementor-element.elementor-element-a6f49b1 .elementor-repeater-item-fab90a7 .ekit-stylish-list-content-badge span{color:#FFFFFF;background-color:var( --e-global-color-secondary );}.elementor-4269 .elementor-element.elementor-element-a6f49b1 .elementor-repeater-item-b1bc341 .ekit-stylish-list-content-badge span{color:#FFFFFF;background-color:var( --e-global-color-1428bec );}.elementor-4269 .elementor-element.elementor-element-a6f49b1 .elementor-repeater-item-2673076 .ekit-stylish-list-content-badge span{color:#FFFFFF;background-color:#C41818;}.elementor-4269 .elementor-element.elementor-element-a6f49b1 .ekit-stylish-list-content{justify-content:start;align-items:start;flex-direction:column;}.elementor-4269 .elementor-element.elementor-element-a6f49b1 .ekit-stylish-list.list-inline{justify-content:start;}.elementor-4269 .elementor-element.elementor-element-a6f49b1 .ekit-stylish-list-content-icon > i{font-size:19px;color:#E93469;}.elementor-4269 .elementor-element.elementor-element-a6f49b1 .ekit-stylish-list-content-icon > svg{height:19px;width:19px;}.elementor-4269 .elementor-element.elementor-element-a6f49b1 .ekit-stylish-list-content-icon > img{height:19px;width:19px;color:#E93469;}.elementor-4269 .elementor-element.elementor-element-a6f49b1 .ekit-stylish-list-content-icon > svg path{stroke:#E93469 !important;}.elementor-4269 .elementor-element.elementor-element-a6f49b1 .ekit-stylish-list-content-wrapper:hover .ekit-stylish-list-content-icon > i{color:#E93469;}.elementor-4269 .elementor-element.elementor-element-a6f49b1 .ekit-stylish-list-content-wrapper:hover .ekit-stylish-list-content-icon > img{color:#E93469;}.elementor-4269 .elementor-element.elementor-element-a6f49b1 .ekit-stylish-list-content-wrapper:hover .ekit-stylish-list-content-icon > svg path{stroke:#E93469 !important;}.elementor-4269 .elementor-element.elementor-element-a6f49b1 .ekit-stylish-list-content-icon{margin:0px 6px 3px 0px;}.elementor-4269 .elementor-element.elementor-element-a6f49b1 .ekit-stylish-list-content-title{color:var( --e-global-color-primary );transition:var( --e-global-color-primary );font-family:\"Inter\", Sans-serif;font-size:16px;font-weight:400;line-height:24px;margin:10px 0px 0px 0px;}.elementor-4269 .elementor-element.elementor-element-a6f49b1 .ekit-stylish-list-content-wrapper:hover .ekit-stylish-list-content-title{color:var( --e-global-color-primary );}.elementor-4269 .elementor-element.elementor-element-a6f49b1 .ekit-stylish-list-content-text{flex-direction:column;}.elementor-4269 .elementor-element.elementor-element-a6f49b1 .ekit-stylish-list-content-description{color:var( --e-global-color-primary );transition:var( --e-global-color-primary );margin:0px 6px 0px 0px;}.elementor-4269 .elementor-element.elementor-element-a6f49b1 .ekit-stylish-list-content-badge{order:1;margin:0px 14px 0px 0px;}.elementor-4269 .elementor-element.elementor-element-a6f49b1 .ekit-stylish-list-content-badge span{font-family:\"Inter\", Sans-serif;font-size:12px;font-weight:700;text-transform:uppercase;line-height:12px;border-radius:20px;padding:6px 11px 6px 11px;}.elementor-4269 .elementor-element.elementor-element-a6f49b1 .ekit-stylish-list-divider:not(:last-child)::before{border-top-color:var( --e-global-color-3567886 );border-top-style:solid;margin:14px 0px 14px 0px;}.elementor-4269 .elementor-element.elementor-element-a6f49b1 .ekit-stylish-list-divider-inline:not(:last-child)::before{border-left-color:var( --e-global-color-3567886 );border-left-style:solid;margin:14px 0px 14px 0px;}.elementor-4269 .elementor-element.elementor-element-d503011 img{width:46%;}.elementor-4269 .elementor-element.elementor-element-eb34221{--display:flex;overflow:visible;}.elementor-4269 .elementor-element.elementor-element-eb34221.e-con{--align-self:center;}:root{--page-title-display:none;}@media(max-width:1024px){.elementor-4269 .elementor-element.elementor-element-4e7cf68{--margin-top:40px;--margin-bottom:0px;--margin-left:0px;--margin-right:0px;}}@media(max-width:767px){.elementor-4269 .elementor-element.elementor-element-4e7cf68{--flex-direction:column;--container-widget-width:100%;--container-widget-height:initial;--container-widget-flex-grow:0;--container-widget-align-self:initial;--flex-wrap-mobile:wrap;}.elementor-4269 .elementor-element.elementor-element-da02c76{text-align:start;}.elementor-4269 .elementor-element.elementor-element-d503011 img{width:38%;}}@media(min-width:768px){.elementor-4269 .elementor-element.elementor-element-6e46336{--width:50%;}}@media(max-width:1024px) and (min-width:768px){.elementor-4269 .elementor-element.elementor-element-6e46336{--width:49%;}}<\/style>\t\t<div data-elementor-type=\"wp-page\" data-elementor-id=\"4269\" class=\"elementor elementor-4269 elementor-4212\" data-elementor-post-type=\"page\">\n\t\t\t\t<div class=\"elementor-element elementor-element-4e7cf68 e-flex e-con-boxed e-con e-parent\" data-id=\"4e7cf68\" data-element_type=\"container\" data-e-type=\"container\">\n\t\t\t\t\t<div class=\"e-con-inner\">\n\t\t<div class=\"elementor-element elementor-element-6e46336 e-con-full e-flex e-con e-child\" data-id=\"6e46336\" data-element_type=\"container\" data-e-type=\"container\">\n\t\t\t\t<div class=\"elementor-element elementor-element-58193dd elementor-widget elementor-widget-heading\" data-id=\"58193dd\" data-element_type=\"widget\" data-e-type=\"widget\" data-settings=\"{&quot;ekit_we_effect_on&quot;:&quot;none&quot;}\" data-widget_type=\"heading.default\">\n\t\t\t\t<div class=\"elementor-widget-container\">\n\t\t\t\t\t<h2 class=\"elementor-heading-title elementor-size-default\">Aufruf zur Informationsbeschaffung  <\/h2>\t\t\t\t<\/div>\n\t\t\t\t<\/div>\n\t\t\t\t<div class=\"elementor-element elementor-element-da02c76 elementor-widget elementor-widget-heading\" data-id=\"da02c76\" data-element_type=\"widget\" data-e-type=\"widget\" data-settings=\"{&quot;ekit_we_effect_on&quot;:&quot;none&quot;}\" data-widget_type=\"heading.default\">\n\t\t\t\t<div class=\"elementor-widget-container\">\n\t\t\t\t\t<h6 class=\"elementor-heading-title elementor-size-default\">Ihnen wird ein Devhook Manager zugewiesen, der alle Phasen des Projekts pers\u00f6nlich begleitet.<\/h6>\t\t\t\t<\/div>\n\t\t\t\t<\/div>\n\t\t\t\t<div class=\"elementor-element elementor-element-61454da elementor-widget elementor-widget-text-editor\" data-id=\"61454da\" data-element_type=\"widget\" data-e-type=\"widget\" data-settings=\"{&quot;ekit_we_effect_on&quot;:&quot;none&quot;}\" data-widget_type=\"text-editor.default\">\n\t\t\t\t<div class=\"elementor-widget-container\">\n\t\t\t\t\t\t\t\t\t<p>Vereinbaren Sie ein kostenloses Telefongespr\u00e4ch, um herauszufinden, ob und wie wir Ihr Unternehmen beim Wachstum unterst\u00fctzen k\u00f6nnen.<\/p>\t\t\t\t\t\t\t\t<\/div>\n\t\t\t\t<\/div>\n\t\t\t\t<div class=\"elementor-element elementor-element-a6f49b1 elementor-widget elementor-widget-elementskit-stylish-list\" data-id=\"a6f49b1\" data-element_type=\"widget\" data-e-type=\"widget\" data-settings=\"{&quot;ekit_we_effect_on&quot;:&quot;none&quot;}\" data-widget_type=\"elementskit-stylish-list.default\">\n\t\t\t\t<div class=\"elementor-widget-container\">\n\t\t\t\t\t<div class=\"ekit-wid-con\">\t\t<ul class=\"ekit-stylish-list \" >\n\t\t\t\t\t\t\t<li class=\"ekit-stylish-list-content-wrapper elementor-repeater-item-fab90a7\" >\n\t\t\t\t\t\t\t\t\t\t<div class=\"ekit-stylish-list-content\">\n\t\t\t\t\t\t\t\t\t\t\t\t\t\t\t\t\t\t\t\t\t\t\t\t<div class=\"ekit-stylish-list-content-text\">\n\t\t\t\t\t\t\t<span class=\"ekit-stylish-list-content-title\">Erhalten Sie kostenlose technische Beratung.<\/span>\n\t\t\t\t\t\t\t\t\t\t\t\t\t<\/div>\n\t\t\t\t\t\t\t\t\t\t\t\t\t<div class=\"ekit-stylish-list-content-badge\">\n\t\t\t\t\t\t\t\t<span class=\"elementor-inline-editing\">Kostenlose Pr\u00fcfung<\/span>\n\t\t\t\t\t\t\t<\/div>\n\t\t\t\t\t\t\t\t\t\t\t<\/div>\n\t\t\t\t\t\n\t\t\t\t<\/li>\n\t\t\t\t\t\t\t\t\t<div class=\"ekit-stylish-list-divider\"><\/div>\n\t\t\t\t\t\t\t\t\t\t\t<li class=\"ekit-stylish-list-content-wrapper elementor-repeater-item-b1bc341\" >\n\t\t\t\t\t\t\t\t\t\t<div class=\"ekit-stylish-list-content\">\n\t\t\t\t\t\t\t\t\t\t\t\t\t\t\t\t\t\t\t\t\t\t\t\t<div class=\"ekit-stylish-list-content-text\">\n\t\t\t\t\t\t\t<span class=\"ekit-stylish-list-content-title\">Wir haben bereits Start-ups und KMUs in der ganzen Welt geholfen<\/span>\n\t\t\t\t\t\t\t\t\t\t\t\t\t<\/div>\n\t\t\t\t\t\t\t\t\t\t\t\t\t<div class=\"ekit-stylish-list-content-badge\">\n\t\t\t\t\t\t\t\t<span class=\"elementor-inline-editing\">+ 15 zufriedene Kunden<\/span>\n\t\t\t\t\t\t\t<\/div>\n\t\t\t\t\t\t\t\t\t\t\t<\/div>\n\t\t\t\t\t\n\t\t\t\t<\/li>\n\t\t\t\t\t\t\t\t\t<div class=\"ekit-stylish-list-divider\"><\/div>\n\t\t\t\t\t\t\t\t\t\t\t<li class=\"ekit-stylish-list-content-wrapper elementor-repeater-item-2673076\" >\n\t\t\t\t\t\t\t\t\t\t<div class=\"ekit-stylish-list-content\">\n\t\t\t\t\t\t\t\t\t\t\t\t\t\t\t\t\t\t\t\t\t\t\t\t<div class=\"ekit-stylish-list-content-text\">\n\t\t\t\t\t\t\t<span class=\"ekit-stylish-list-content-title\">Der Anruf dient nur dazu, herauszufinden, ob wir Ihnen wirklich helfen k\u00f6nnen.<\/span>\n\t\t\t\t\t\t\t\t\t\t\t\t\t<\/div>\n\t\t\t\t\t\t\t\t\t\t\t\t\t<div class=\"ekit-stylish-list-content-badge\">\n\t\t\t\t\t\t\t\t<span class=\"elementor-inline-editing\">Keine Zw\u00e4nge<\/span>\n\t\t\t\t\t\t\t<\/div>\n\t\t\t\t\t\t\t\t\t\t\t<\/div>\n\t\t\t\t\t\n\t\t\t\t<\/li>\n\t\t\t\t\t\t\t\t\t<div class=\"ekit-stylish-list-divider\"><\/div>\n\t\t\t\t\t\t\t\t\t<\/ul>\n\t<\/div>\t\t\t\t<\/div>\n\t\t\t\t<\/div>\n\t\t\t\t<div class=\"elementor-element elementor-element-d503011 elementor-hidden-mobile elementor-widget elementor-widget-image\" data-id=\"d503011\" data-element_type=\"widget\" data-e-type=\"widget\" data-settings=\"{&quot;ekit_we_effect_on&quot;:&quot;none&quot;}\" data-widget_type=\"image.default\">\n\t\t\t\t<div class=\"elementor-widget-container\">\n\t\t\t\t\t\t\t\t\t\t\t\t\t\t\t<img fetchpriority=\"high\" decoding=\"async\" width=\"800\" height=\"520\" src=\"https:\/\/devhook.it\/wp-content\/uploads\/2024\/08\/Group-11-1.svg\" class=\"attachment-large size-large wp-image-3235\" alt=\"\" \/>\t\t\t\t\t\t\t\t\t\t\t\t\t\t\t<\/div>\n\t\t\t\t<\/div>\n\t\t\t\t<\/div>\n\t\t<div class=\"elementor-element elementor-element-eb34221 e-con-full e-flex e-con e-child\" data-id=\"eb34221\" data-element_type=\"container\" data-e-type=\"container\">\n\t\t\t\t<div class=\"elementor-element elementor-element-c4b8862 elementor-widget elementor-widget-html\" data-id=\"c4b8862\" data-element_type=\"widget\" data-e-type=\"widget\" data-settings=\"{&quot;ekit_we_effect_on&quot;:&quot;none&quot;}\" data-widget_type=\"html.default\">\n\t\t\t\t<div class=\"elementor-widget-container\">\n\t\t\t\t\t<!-- Calendly inline widget begin -->\n<div class=\"calendly-inline-widget\" data-url=\"https:\/\/calendly.com\/admin-devhook\/30min?hide_event_type_details=1&amp;hide_gdpr_banner=1\" style=\"min-width:320px;height:1100px;\"><\/div>\n<script type=\"text\/javascript\" src=\"https:\/\/assets.calendly.com\/assets\/external\/widget.js\" async=\"\"><\/script>\n<!-- Calendly inline widget end -->\t\t\t\t<\/div>\n\t\t\t\t<\/div>\n\t\t\t\t<\/div>\n\t\t\t\t\t<\/div>\n\t\t\t\t<\/div>\n\t\t\t\t<\/div>\n\t\t","protected":false},"excerpt":{"rendered":"<p>Aufruf zur Informationsbeschaffung Ihnen wird ein Devhook Manager zugewiesen, der alle Phasen des Projekts pers\u00f6nlich begleitet. Vereinbaren Sie ein kostenloses Telefongespr\u00e4ch, um herauszufinden, ob und wie wir Ihr Unternehmen beim Wachstum unterst\u00fctzen k\u00f6nnen. Erhalten Sie kostenlose technische Beratung. Kostenlose Pr\u00fcfung Wir haben bereits Start-ups und KMUs in der ganzen Welt geholfen + 15 zufriedene Kunden [&hellip;]<\/p>\n","protected":false},"author":1,"featured_media":0,"parent":0,"menu_order":0,"comment_status":"closed","ping_status":"closed","template":"","meta":{"inline_featured_image":false,"footnotes":""},"class_list":["post-4269","page","type-page","status-publish","hentry"],"yoast_head":"<!-- This site is optimized with the Yoast SEO plugin v27.1.1 - https:\/\/yoast.com\/product\/yoast-seo-wordpress\/ -->\n<title>Entdeckungsaufruf - DevHook<\/title>\n<meta name=\"robots\" content=\"index, follow, max-snippet:-1, max-image-preview:large, max-video-preview:-1\" \/>\n<link rel=\"canonical\" href=\"https:\/\/devhook.it\/de\/entdeckungsaufruf\/\" \/>\n<meta property=\"og:locale\" content=\"de_DE\" \/>\n<meta property=\"og:type\" content=\"article\" \/>\n<meta property=\"og:title\" content=\"Entdeckungsaufruf - DevHook\" \/>\n<meta property=\"og:description\" content=\"Aufruf zur Informationsbeschaffung Ihnen wird ein Devhook Manager zugewiesen, der alle Phasen des Projekts pers\u00f6nlich begleitet. Vereinbaren Sie ein kostenloses Telefongespr\u00e4ch, um herauszufinden, ob und wie wir Ihr Unternehmen beim Wachstum unterst\u00fctzen k\u00f6nnen. Erhalten Sie kostenlose technische Beratung. Kostenlose Pr\u00fcfung Wir haben bereits Start-ups und KMUs in der ganzen Welt geholfen + 15 zufriedene Kunden [&hellip;]\" \/>\n<meta property=\"og:url\" content=\"https:\/\/devhook.it\/de\/entdeckungsaufruf\/\" \/>\n<meta property=\"og:site_name\" content=\"DevHook\" \/>\n<meta property=\"article:modified_time\" content=\"2025-11-03T21:42:46+00:00\" \/>\n<meta name=\"twitter:card\" content=\"summary_large_image\" \/>\n<script type=\"application\/ld+json\" class=\"yoast-schema-graph\">{\"@context\":\"https:\/\/schema.org\",\"@graph\":[{\"@type\":\"WebPage\",\"@id\":\"https:\/\/devhook.it\/de\/entdeckungsaufruf\/\",\"url\":\"https:\/\/devhook.it\/de\/entdeckungsaufruf\/\",\"name\":\"Entdeckungsaufruf - DevHook\",\"isPartOf\":{\"@id\":\"https:\/\/devhook.it\/#website\"},\"primaryImageOfPage\":{\"@id\":\"https:\/\/devhook.it\/de\/entdeckungsaufruf\/#primaryimage\"},\"image\":{\"@id\":\"https:\/\/devhook.it\/de\/entdeckungsaufruf\/#primaryimage\"},\"thumbnailUrl\":\"https:\/\/devhook.it\/wp-content\/uploads\/2024\/08\/Group-11-1.svg\",\"datePublished\":\"2025-11-03T18:01:01+00:00\",\"dateModified\":\"2025-11-03T21:42:46+00:00\",\"breadcrumb\":{\"@id\":\"https:\/\/devhook.it\/de\/entdeckungsaufruf\/#breadcrumb\"},\"inLanguage\":\"de\",\"potentialAction\":[{\"@type\":\"ReadAction\",\"target\":[\"https:\/\/devhook.it\/de\/entdeckungsaufruf\/\"]}]},{\"@type\":\"ImageObject\",\"inLanguage\":\"de\",\"@id\":\"https:\/\/devhook.it\/de\/entdeckungsaufruf\/#primaryimage\",\"url\":\"https:\/\/devhook.it\/wp-content\/uploads\/2024\/08\/Group-11-1.svg\",\"contentUrl\":\"https:\/\/devhook.it\/wp-content\/uploads\/2024\/08\/Group-11-1.svg\"},{\"@type\":\"BreadcrumbList\",\"@id\":\"https:\/\/devhook.it\/de\/entdeckungsaufruf\/#breadcrumb\",\"itemListElement\":[{\"@type\":\"ListItem\",\"position\":1,\"name\":\"Home\",\"item\":\"https:\/\/devhook.it\/en\/\"},{\"@type\":\"ListItem\",\"position\":2,\"name\":\"Entdeckungsaufruf\"}]},{\"@type\":\"WebSite\",\"@id\":\"https:\/\/devhook.it\/#website\",\"url\":\"https:\/\/devhook.it\/\",\"name\":\"DevHook\",\"description\":\"Wir bringen Ihr Unternehmen in die digitale Welt\",\"publisher\":{\"@id\":\"https:\/\/devhook.it\/#organization\"},\"potentialAction\":[{\"@type\":\"SearchAction\",\"target\":{\"@type\":\"EntryPoint\",\"urlTemplate\":\"https:\/\/devhook.it\/?s={search_term_string}\"},\"query-input\":{\"@type\":\"PropertyValueSpecification\",\"valueRequired\":true,\"valueName\":\"search_term_string\"}}],\"inLanguage\":\"de\"},{\"@type\":\"Organization\",\"@id\":\"https:\/\/devhook.it\/#organization\",\"name\":\"DevHook\",\"url\":\"https:\/\/devhook.it\/\",\"logo\":{\"@type\":\"ImageObject\",\"inLanguage\":\"de\",\"@id\":\"https:\/\/devhook.it\/#\/schema\/logo\/image\/\",\"url\":\"https:\/\/devhook.it\/wp-content\/uploads\/2024\/08\/Devhook_Logo.webp\",\"contentUrl\":\"https:\/\/devhook.it\/wp-content\/uploads\/2024\/08\/Devhook_Logo.webp\",\"width\":512,\"height\":512,\"caption\":\"DevHook\"},\"image\":{\"@id\":\"https:\/\/devhook.it\/#\/schema\/logo\/image\/\"}}]}<\/script>\n<!-- \/ Yoast SEO plugin. -->","yoast_head_json":{"title":"Entdeckungsaufruf - DevHook","robots":{"index":"index","follow":"follow","max-snippet":"max-snippet:-1","max-image-preview":"max-image-preview:large","max-video-preview":"max-video-preview:-1"},"canonical":"https:\/\/devhook.it\/de\/entdeckungsaufruf\/","og_locale":"de_DE","og_type":"article","og_title":"Entdeckungsaufruf - DevHook","og_description":"Aufruf zur Informationsbeschaffung Ihnen wird ein Devhook Manager zugewiesen, der alle Phasen des Projekts pers\u00f6nlich begleitet. Vereinbaren Sie ein kostenloses Telefongespr\u00e4ch, um herauszufinden, ob und wie wir Ihr Unternehmen beim Wachstum unterst\u00fctzen k\u00f6nnen. Erhalten Sie kostenlose technische Beratung. Kostenlose Pr\u00fcfung Wir haben bereits Start-ups und KMUs in der ganzen Welt geholfen + 15 zufriedene Kunden [&hellip;]","og_url":"https:\/\/devhook.it\/de\/entdeckungsaufruf\/","og_site_name":"DevHook","article_modified_time":"2025-11-03T21:42:46+00:00","twitter_card":"summary_large_image","schema":{"@context":"https:\/\/schema.org","@graph":[{"@type":"WebPage","@id":"https:\/\/devhook.it\/de\/entdeckungsaufruf\/","url":"https:\/\/devhook.it\/de\/entdeckungsaufruf\/","name":"Entdeckungsaufruf - DevHook","isPartOf":{"@id":"https:\/\/devhook.it\/#website"},"primaryImageOfPage":{"@id":"https:\/\/devhook.it\/de\/entdeckungsaufruf\/#primaryimage"},"image":{"@id":"https:\/\/devhook.it\/de\/entdeckungsaufruf\/#primaryimage"},"thumbnailUrl":"https:\/\/devhook.it\/wp-content\/uploads\/2024\/08\/Group-11-1.svg","datePublished":"2025-11-03T18:01:01+00:00","dateModified":"2025-11-03T21:42:46+00:00","breadcrumb":{"@id":"https:\/\/devhook.it\/de\/entdeckungsaufruf\/#breadcrumb"},"inLanguage":"de","potentialAction":[{"@type":"ReadAction","target":["https:\/\/devhook.it\/de\/entdeckungsaufruf\/"]}]},{"@type":"ImageObject","inLanguage":"de","@id":"https:\/\/devhook.it\/de\/entdeckungsaufruf\/#primaryimage","url":"https:\/\/devhook.it\/wp-content\/uploads\/2024\/08\/Group-11-1.svg","contentUrl":"https:\/\/devhook.it\/wp-content\/uploads\/2024\/08\/Group-11-1.svg"},{"@type":"BreadcrumbList","@id":"https:\/\/devhook.it\/de\/entdeckungsaufruf\/#breadcrumb","itemListElement":[{"@type":"ListItem","position":1,"name":"Home","item":"https:\/\/devhook.it\/en\/"},{"@type":"ListItem","position":2,"name":"Entdeckungsaufruf"}]},{"@type":"WebSite","@id":"https:\/\/devhook.it\/#website","url":"https:\/\/devhook.it\/","name":"DevHook","description":"Wir bringen Ihr Unternehmen in die digitale Welt","publisher":{"@id":"https:\/\/devhook.it\/#organization"},"potentialAction":[{"@type":"SearchAction","target":{"@type":"EntryPoint","urlTemplate":"https:\/\/devhook.it\/?s={search_term_string}"},"query-input":{"@type":"PropertyValueSpecification","valueRequired":true,"valueName":"search_term_string"}}],"inLanguage":"de"},{"@type":"Organization","@id":"https:\/\/devhook.it\/#organization","name":"DevHook","url":"https:\/\/devhook.it\/","logo":{"@type":"ImageObject","inLanguage":"de","@id":"https:\/\/devhook.it\/#\/schema\/logo\/image\/","url":"https:\/\/devhook.it\/wp-content\/uploads\/2024\/08\/Devhook_Logo.webp","contentUrl":"https:\/\/devhook.it\/wp-content\/uploads\/2024\/08\/Devhook_Logo.webp","width":512,"height":512,"caption":"DevHook"},"image":{"@id":"https:\/\/devhook.it\/#\/schema\/logo\/image\/"}}]}},"_links":{"self":[{"href":"https:\/\/devhook.it\/de\/wp-json\/wp\/v2\/pages\/4269","targetHints":{"allow":["GET"]}}],"collection":[{"href":"https:\/\/devhook.it\/de\/wp-json\/wp\/v2\/pages"}],"about":[{"href":"https:\/\/devhook.it\/de\/wp-json\/wp\/v2\/types\/page"}],"author":[{"embeddable":true,"href":"https:\/\/devhook.it\/de\/wp-json\/wp\/v2\/users\/1"}],"replies":[{"embeddable":true,"href":"https:\/\/devhook.it\/de\/wp-json\/wp\/v2\/comments?post=4269"}],"version-history":[{"count":3,"href":"https:\/\/devhook.it\/de\/wp-json\/wp\/v2\/pages\/4269\/revisions"}],"predecessor-version":[{"id":4290,"href":"https:\/\/devhook.it\/de\/wp-json\/wp\/v2\/pages\/4269\/revisions\/4290"}],"wp:attachment":[{"href":"https:\/\/devhook.it\/de\/wp-json\/wp\/v2\/media?parent=4269"}],"curies":[{"name":"wp","href":"https:\/\/api.w.org\/{rel}","templated":true}]}}